{"id":15,"date":"2025-01-30T23:19:39","date_gmt":"2025-01-30T22:19:39","guid":{"rendered":"https:\/\/luciearchittapsychologue.com\/?page_id=15"},"modified":"2026-01-05T14:21:43","modified_gmt":"2026-01-05T13:21:43","slug":"accueil","status":"publish","type":"page","link":"https:\/\/luciearchittapsychologue.com\/","title":{"rendered":"Accueil"},"content":{"rendered":"\t\t<div data-elementor-type=\"wp-page\" data-elementor-id=\"15\" class=\"elementor elementor-15\">\n\t\t\t\t<div class=\"elementor-element elementor-element-773d87db e-flex e-con-boxed e-con e-parent\" data-id=\"773d87db\" data-element_type=\"container\" data-e-type=\"container\">\n\t\t\t\t\t<div class=\"e-con-inner\">\n\t\t\t\t<div class=\"elementor-element elementor-element-34b000b3 elementor-widget elementor-widget-text-editor\" data-id=\"34b000b3\" data-element_type=\"widget\" data-e-type=\"widget\" data-widget_type=\"text-editor.default\">\n\t\t\t\t<div class=\"elementor-widget-container\">\n\t\t\t\t\t\t\t\t\t\n<div class=\"wp-block-columns is-layout-flex wp-container-core-columns-is-layout-28f84493 wp-block-columns-is-layout-flex\">\n<div class=\"wp-block-column is-layout-flow wp-block-column-is-layout-flow\" style=\"flex-basis: 100%;\"><details class=\"wp-block-details is-layout-flow wp-block-details-is-layout-flow\">\n<summary><\/summary>\n\n<div class=\"wp-block-cover alignfull is-light\" style=\"padding-top: 0%; min-height: 277px;aspect-ratio:unset;\"><img fetchpriority=\"high\" decoding=\"async\" width=\"11520\" height=\"3456\" class=\"wp-block-cover__image-background wp-image-280\" style=\"object-position: 48% 59%;\" src=\"https:\/\/luciearchittapsychologue.com\/wp-content\/uploads\/2025\/03\/Design-sans-titre-25.png\" alt=\"\" data-object-fit=\"cover\" data-object-position=\"48% 59%\" srcset=\"https:\/\/luciearchittapsychologue.com\/wp-content\/uploads\/2025\/03\/Design-sans-titre-25.png 11520w, https:\/\/luciearchittapsychologue.com\/wp-content\/uploads\/2025\/03\/Design-sans-titre-25-300x90.png 300w, https:\/\/luciearchittapsychologue.com\/wp-content\/uploads\/2025\/03\/Design-sans-titre-25-1024x307.png 1024w, https:\/\/luciearchittapsychologue.com\/wp-content\/uploads\/2025\/03\/Design-sans-titre-25-768x230.png 768w, https:\/\/luciearchittapsychologue.com\/wp-content\/uploads\/2025\/03\/Design-sans-titre-25-1536x461.png 1536w, https:\/\/luciearchittapsychologue.com\/wp-content\/uploads\/2025\/03\/Design-sans-titre-25-2048x614.png 2048w\" sizes=\"(max-width: 11520px) 100vw, 11520px\" \/>\n<div class=\"wp-block-cover__inner-container is-layout-flow wp-block-cover-is-layout-flow\">\n<div class=\"wp-block-spacer\" style=\"margin-top: 0px; margin-bottom: 0px; height: 100px;\" aria-hidden=\"true\">\u00a0<\/div>\n\n<div class=\"wp-block-columns is-layout-flex wp-container-core-columns-is-layout-28f84493 wp-block-columns-is-layout-flex\">\n<div class=\"wp-block-column is-layout-flow wp-block-column-is-layout-flow\" style=\"flex-basis: 25%;\">\n<div class=\"wp-block-columns is-layout-flex wp-container-core-columns-is-layout-28f84493 wp-block-columns-is-layout-flex\">\n<div class=\"wp-block-column is-layout-flow wp-block-column-is-layout-flow\" style=\"flex-basis: 100%;\">\u00a0<\/div>\n<\/div>\n<\/div>\n\n<div class=\"wp-block-column is-layout-flow wp-block-column-is-layout-flow\" style=\"flex-basis: 25%;\">\u00a0<\/div>\n\n<div class=\"wp-block-column is-layout-flow wp-block-column-is-layout-flow\" style=\"flex-basis: 25%;\">\n<div class=\"wp-block-buttons is-layout-flex wp-container-core-buttons-is-layout-9bedd9bf wp-block-buttons-is-layout-flex\">\n<div class=\"wp-block-button has-custom-width wp-block-button__width-75 is-style-fill\"><a class=\"wp-block-button__link wp-element-button\" style=\"padding: var(--wp--preset--spacing--20) var(--wp--preset--spacing--30) var(--wp--preset--spacing--20) var(--wp--preset--spacing--30);\" href=\"https:\/\/luciearchittapsychologue.com\/?page_id=60\">Prendre rendez-vous<\/a><\/div>\n<\/div>\n<\/div>\n\n<div class=\"wp-block-column is-layout-flow wp-block-column-is-layout-flow\" style=\"flex-basis: 25%;\">\u00a0<\/div>\n<\/div>\n<\/div>\n<\/div>\n<\/details><\/div>\n<\/div>\n\n<section class=\"wp-block-group alignfull has-text-color has-background has-global-padding is-layout-constrained wp-container-core-group-is-layout-5c036fc0 wp-block-group-is-layout-constrained\" style=\"color: #3750be; background-color: #f8ecec; margin-top: 0px; font-size: 0rem; font-style: normal; font-weight: 400; line-height: 1.4; padding: 1.3rem var(--wp--preset--spacing--40) 1.6rem var(--wp--preset--spacing--30);\">\n<div class=\"wp-block-columns is-layout-flex wp-container-core-columns-is-layout-db2df21c wp-block-columns-is-layout-flex\" style=\"margin-bottom: 0px;\">\n<div class=\"wp-block-column has-global-padding is-content-justification-left is-layout-constrained wp-container-core-column-is-layout-12dd3699 wp-block-column-is-layout-constrained\" style=\"flex-basis: 20%;\">\n<figure class=\"wp-block-image aligncenter size-large is-resized has-custom-border\"><img decoding=\"async\" width=\"684\" height=\"1024\" class=\"wp-image-129\" style=\"border-style: none; border-width: 0px; border-radius: 38px; width: 143px; height: auto;\" src=\"https:\/\/luciearchittapsychologue.com\/wp-content\/uploads\/2025\/02\/image_2025-02-23_214711472-684x1024.png\" alt=\"\" srcset=\"https:\/\/luciearchittapsychologue.com\/wp-content\/uploads\/2025\/02\/image_2025-02-23_214711472-684x1024.png 684w, https:\/\/luciearchittapsychologue.com\/wp-content\/uploads\/2025\/02\/image_2025-02-23_214711472-200x300.png 200w, https:\/\/luciearchittapsychologue.com\/wp-content\/uploads\/2025\/02\/image_2025-02-23_214711472-768x1151.png 768w, https:\/\/luciearchittapsychologue.com\/wp-content\/uploads\/2025\/02\/image_2025-02-23_214711472-1025x1536.png 1025w, https:\/\/luciearchittapsychologue.com\/wp-content\/uploads\/2025\/02\/image_2025-02-23_214711472.png 1367w\" sizes=\"(max-width: 684px) 100vw, 684px\" \/><\/figure>\n<\/div>\n\n<div class=\"wp-block-column is-layout-flow wp-block-column-is-layout-flow\">\n<div class=\"wp-block-group has-small-font-size is-vertical is-content-justification-stretch is-layout-flex wp-container-core-group-is-layout-2720508c wp-block-group-is-layout-flex\" style=\"min-height: 100%;\">\n<div class=\"wp-block-group has-global-padding is-content-justification-left is-layout-constrained wp-container-core-group-is-layout-21bdf163 wp-block-group-is-layout-constrained\">\n<h1 class=\"wp-block-heading alignwide has-text-align-left has-cormorant-font-family\" style=\"font-size:clamp(21.027px, 1.314rem + ((1vw - 3.2px) * 1.474), 34px); padding: var(--wp--preset--spacing--30) 0 0 var(--wp--preset--spacing--80);\">Consultation adolescent &amp; adulte<\/h1>\n<\/div>\n<\/div>\n<\/div>\n<\/div>\n<\/section>\n\n<div class=\"wp-block-spacer\" style=\"height: 0px;\" aria-hidden=\"true\">\u00a0<\/div>\n\n<h2 class=\"wp-block-heading has-text-align-center has-cormorant-font-family\" style=\"font-size:clamp(14px, 0.875rem + ((1vw - 3.2px) * 0.568), 19px); margin: 0;\"><strong>Adresse du cabinet :<\/strong><\/h2>\n\n<h2 class=\"wp-block-heading has-text-align-center\" style=\"font-size:clamp(14px, 0.875rem + ((1vw - 3.2px) * 0.114), 15px); margin: 0;\">Centre Nat\u00e9a, batiment A,<br \/>365 chemin du camp de Sarlier, <br \/>13400 Aubagne<\/h2>\n<hr class=\"wp-block-separator has-alpha-channel-opacity is-style-default\" \/>\n<div class=\"wp-block-spacer\" style=\"height: 0px;\" aria-hidden=\"true\">\u00a0<\/div>\n\n<div class=\"wp-block-group has-global-padding is-layout-constrained wp-block-group-is-layout-constrained\">\n<h2 class=\"wp-block-heading has-text-align-center has-text-color has-background has-link-color has-cormorant-font-family wp-elements-315763ef9f559e0cc8e77c43aba185cd\" style=\"border-radius: 10px; color: #ffffff; background-color: #8fc093; font-size:clamp(17.371px, 1.086rem + ((1vw - 3.2px) * 1.094), 27px); padding: var(--wp--preset--spacing--20) var(--wp--preset--spacing--70) var(--wp--preset--spacing--20) var(--wp--preset--spacing--70);\">Pourquoi consulter :<\/h2>\n<\/div>\n\n<div class=\"wp-block-columns is-layout-flex wp-container-core-columns-is-layout-28f84493 wp-block-columns-is-layout-flex\">\n<div class=\"wp-block-column has-nunito-sans-font-family is-layout-flow wp-block-column-is-layout-flow\" style=\"font-size:clamp(14px, 0.875rem + ((1vw - 3.2px) * 0.114), 15px);\">\n<ul class=\"wp-block-list\">\n<li style=\"font-size:clamp(14px, 0.875rem + ((1vw - 3.2px) * 0.114), 15px);\">Trouble anxieux : stress, anxi\u00e9t\u00e9 g\u00e9n\u00e9ralis\u00e9e, attaque de panique, stress post traumatique<\/li>\n\n<li style=\"font-size:clamp(14px, 0.875rem + ((1vw - 3.2px) * 0.114), 15px);\">D\u00e9pression<\/li>\n\n<li style=\"font-size:clamp(14px, 0.875rem + ((1vw - 3.2px) * 0.114), 15px);\">Addiction<\/li>\n\n<li style=\"font-size:clamp(14px, 0.875rem + ((1vw - 3.2px) * 0.114), 15px);\">Trouble du comportement alimentaire<\/li>\n<\/ul>\n<\/div>\n\n<div class=\"wp-block-column has-nunito-sans-font-family is-layout-flow wp-block-column-is-layout-flow\" style=\"font-size:clamp(14px, 0.875rem + ((1vw - 3.2px) * 0.114), 15px);\">\n<ul class=\"wp-block-list\">\n<li style=\"font-size:clamp(14px, 0.875rem + ((1vw - 3.2px) * 0.114), 15px);\">Souffrance psychique, gestion des \u00e9motions<\/li>\n\n<li style=\"font-size:clamp(14px, 0.875rem + ((1vw - 3.2px) * 0.114), 15px);\">Relation personnelle\/familiale<\/li>\n\n<li style=\"font-size:clamp(14px, 0.875rem + ((1vw - 3.2px) * 0.114), 15px);\">Accompagnement p\u00e9rinatal<\/li>\n\n<li style=\"font-size:clamp(14px, 0.875rem + ((1vw - 3.2px) * 0.114), 15px);\">Adolescence<\/li>\n\n<li style=\"font-size:clamp(14px, 0.875rem + ((1vw - 3.2px) * 0.114), 15px);\">Crise suicidaire<\/li>\n<\/ul>\n<\/div>\n<\/div>\n\n<div class=\"wp-block-cover alignfull is-light\" style=\"margin-top: var(--wp--preset--spacing--50); margin-bottom: var(--wp--preset--spacing--50); padding-top: 0%; padding-right: 0; min-height: 220px;aspect-ratio:unset;\"><img decoding=\"async\" width=\"813\" height=\"244\" class=\"wp-block-cover__image-background wp-image-393\" src=\"https:\/\/luciearchittapsychologue.com\/wp-content\/uploads\/2025\/03\/image.png\" alt=\"\" data-object-fit=\"cover\" srcset=\"https:\/\/luciearchittapsychologue.com\/wp-content\/uploads\/2025\/03\/image.png 813w, https:\/\/luciearchittapsychologue.com\/wp-content\/uploads\/2025\/03\/image-300x90.png 300w, https:\/\/luciearchittapsychologue.com\/wp-content\/uploads\/2025\/03\/image-768x230.png 768w\" sizes=\"(max-width: 813px) 100vw, 813px\" \/>\n<div class=\"wp-block-cover__inner-container is-layout-flow wp-block-cover-is-layout-flow\">\n<div class=\"wp-block-group is-vertical is-content-justification-center is-layout-flex wp-container-core-group-is-layout-ce155fab wp-block-group-is-layout-flex\">\n<div class=\"wp-block-group is-nowrap is-layout-flex wp-container-core-group-is-layout-6c531013 wp-block-group-is-layout-flex\">\n<div class=\"wp-block-group has-global-padding is-layout-constrained wp-block-group-is-layout-constrained\">\n<h2 class=\"wp-block-heading has-text-color has-cormorant-font-family\" style=\"color: #000000; margin-top: 0.5rem; margin-bottom: 1.01rem; font-size:clamp(18.959px, 1.185rem + ((1vw - 3.2px) * 1.255), 30px); font-style: normal; font-weight: 400; letter-spacing: 0px; line-height: 1.3; text-transform: capitalize;\">Prendre Rendez-vous<\/h2>\n\n<div class=\"wp-block-buttons is-content-justification-center is-layout-flex wp-container-core-buttons-is-layout-098cc607 wp-block-buttons-is-layout-flex\">\n<div class=\"wp-block-button has-custom-width wp-block-button__width-75\"><a class=\"wp-block-button__link has-text-color has-link-color wp-element-button\" style=\"color: #ffffff;\" href=\"https:\/\/luciearchittapsychologue.com\/?page_id=60\">Contact<\/a><\/div>\n<\/div>\n<\/div>\n<\/div>\n<\/div>\n<\/div>\n<\/div>\n\n<p>\u00a0<\/p>\n\t\t\t\t\t\t\t\t<\/div>\n\t\t\t\t<\/div>\n\t\t\t\t\t<\/div>\n\t\t\t\t<\/div>\n\t\t\t\t<\/div>\n\t\t","protected":false},"excerpt":{"rendered":"<p>Consultations adolescents &amp; adultes Adresse du cabinet : Centre Nat\u00e9a, batiment A,365 chemin du camp de Sarlier, 13400 Aubagne Pourquoi consulter :<\/p>\n","protected":false},"author":1,"featured_media":280,"parent":0,"menu_order":0,"comment_status":"closed","ping_status":"closed","template":"","meta":{"footnotes":""},"class_list":["post-15","page","type-page","status-publish","has-post-thumbnail","hentry"],"_links":{"self":[{"href":"https:\/\/luciearchittapsychologue.com\/index.php?rest_route=\/wp\/v2\/pages\/15","targetHints":{"allow":["GET"]}}],"collection":[{"href":"https:\/\/luciearchittapsychologue.com\/index.php?rest_route=\/wp\/v2\/pages"}],"about":[{"href":"https:\/\/luciearchittapsychologue.com\/index.php?rest_route=\/wp\/v2\/types\/page"}],"author":[{"embeddable":true,"href":"https:\/\/luciearchittapsychologue.com\/index.php?rest_route=\/wp\/v2\/users\/1"}],"replies":[{"embeddable":true,"href":"https:\/\/luciearchittapsychologue.com\/index.php?rest_route=%2Fwp%2Fv2%2Fcomments&post=15"}],"version-history":[{"count":149,"href":"https:\/\/luciearchittapsychologue.com\/index.php?rest_route=\/wp\/v2\/pages\/15\/revisions"}],"predecessor-version":[{"id":728,"href":"https:\/\/luciearchittapsychologue.com\/index.php?rest_route=\/wp\/v2\/pages\/15\/revisions\/728"}],"wp:featuredmedia":[{"embeddable":true,"href":"https:\/\/luciearchittapsychologue.com\/index.php?rest_route=\/wp\/v2\/media\/280"}],"wp:attachment":[{"href":"https:\/\/luciearchittapsychologue.com\/index.php?rest_route=%2Fwp%2Fv2%2Fmedia&parent=15"}],"curies":[{"name":"wp","href":"https:\/\/api.w.org\/{rel}","templated":true}]}}