{"id":60,"date":"2025-02-03T21:39:19","date_gmt":"2025-02-03T20:39:19","guid":{"rendered":"https:\/\/luciearchittapsychologue.com\/?page_id=60"},"modified":"2025-12-20T10:24:50","modified_gmt":"2025-12-20T09:24:50","slug":"contact","status":"publish","type":"page","link":"https:\/\/luciearchittapsychologue.com\/?page_id=60","title":{"rendered":"Contact"},"content":{"rendered":"\n<div class=\"wp-block-cover alignfull is-light\" style=\"margin-top:0;margin-bottom:0;padding-top:2%;min-height:95px;aspect-ratio:unset;\"><img fetchpriority=\"high\" decoding=\"async\" width=\"1024\" height=\"307\" class=\"wp-block-cover__image-background wp-image-280 size-large\" alt=\"LUCIE ARCHITTA PSYCHOLOGUE\" src=\"https:\/\/luciearchittapsychologue.com\/wp-content\/uploads\/2025\/03\/Design-sans-titre-25-1024x307.png\" data-object-fit=\"cover\" srcset=\"https:\/\/luciearchittapsychologue.com\/wp-content\/uploads\/2025\/03\/Design-sans-titre-25-1024x307.png 1024w, https:\/\/luciearchittapsychologue.com\/wp-content\/uploads\/2025\/03\/Design-sans-titre-25-300x90.png 300w, https:\/\/luciearchittapsychologue.com\/wp-content\/uploads\/2025\/03\/Design-sans-titre-25-768x230.png 768w, https:\/\/luciearchittapsychologue.com\/wp-content\/uploads\/2025\/03\/Design-sans-titre-25-1536x461.png 1536w, https:\/\/luciearchittapsychologue.com\/wp-content\/uploads\/2025\/03\/Design-sans-titre-25-2048x614.png 2048w\" sizes=\"(max-width: 1024px) 100vw, 1024px\" \/><span aria-hidden=\"true\" class=\"wp-block-cover__background has-background-dim-0 has-background-dim\" style=\"background-color:#d8e8d7\"><\/span><div class=\"wp-block-cover__inner-container has-global-padding is-layout-constrained wp-container-core-cover-is-layout-26a3c24e wp-block-cover-is-layout-constrained\">\n<div style=\"height:100px\" aria-hidden=\"true\" class=\"wp-block-spacer\"><\/div>\n<\/div><\/div>\n\n\n\n<div class=\"wp-block-group alignwide is-vertical is-content-justification-center is-layout-flex wp-container-core-group-is-layout-b6c1f246 wp-block-group-is-layout-flex\" style=\"min-height:8rem\">\n<div class=\"wp-block-group has-global-padding is-layout-constrained wp-container-core-group-is-layout-bea02a06 wp-block-group-is-layout-constrained\">\n<h2 class=\"wp-block-heading has-text-align-center has-text-color has-link-color has-cormorant-font-family wp-elements-8c2b95ab96dd546a5077340ffac7e364\" style=\"color:#000000;margin-bottom:1rem;font-size:clamp(2.071rem, 2.071rem + ((1vw - 0.2rem) * 2.98), 3.71rem);font-style:normal;font-weight:400;line-height:1;text-transform:none\">Contact<\/h2>\n<\/div>\n<\/div>\n\n\n\n<div class=\"wp-block-cover alignfull is-light has-custom-content-position is-position-top-center has-text-color\" style=\"color:#000000;margin-top:0;margin-bottom:0;padding-top:0px;padding-bottom:0px;min-height:352px;aspect-ratio:unset;\"><span aria-hidden=\"true\" class=\"wp-block-cover__background has-background-dim-100 has-background-dim\" style=\"background-color:#fffaf1\"><\/span><div class=\"wp-block-cover__inner-container has-global-padding is-layout-constrained wp-container-core-cover-is-layout-6f73a4a0 wp-block-cover-is-layout-constrained\">\n<p class=\"has-text-align-center has-cormorant-font-family has-large-font-size\" style=\"padding-top:var(--wp--preset--spacing--40);padding-bottom:var(--wp--preset--spacing--40)\">Besoin d&rsquo;un rendez-vous ?<\/p>\n\n\n\n<div class=\"wp-block-columns is-layout-flex wp-container-core-columns-is-layout-28f84493 wp-block-columns-is-layout-flex\">\n<div class=\"wp-block-column is-layout-flow wp-block-column-is-layout-flow\">\n<p class=\"has-text-align-center has-x-large-font-size\"><span class=\"wp-rich-text-font-awesome-icon wp-font-awesome-icon\"><svg aria-hidden=\"true\" focusable=\"false\" data-prefix=\"fas\" data-icon=\"phone-volume\" class=\"svg-inline--fa fa-phone-volume \" role=\"img\" xmlns=\"http:\/\/www.w3.org\/2000\/svg\" viewBox=\"0 0 512 512\"><path fill=\"currentColor\" d=\"M280 0C408.1 0 512 103.9 512 232c0 13.3-10.7 24-24 24s-24-10.7-24-24c0-101.6-82.4-184-184-184c-13.3 0-24-10.7-24-24s10.7-24 24-24zm8 192a32 32 0 1 1 0 64 32 32 0 1 1 0-64zm-32-72c0-13.3 10.7-24 24-24c75.1 0 136 60.9 136 136c0 13.3-10.7 24-24 24s-24-10.7-24-24c0-48.6-39.4-88-88-88c-13.3 0-24-10.7-24-24zM117.5 1.4c19.4-5.3 39.7 4.6 47.4 23.2l40 96c6.8 16.3 2.1 35.2-11.6 46.3L144 207.3c33.3 70.4 90.3 127.4 160.7 160.7L345 318.7c11.2-13.7 30-18.4 46.3-11.6l96 40c18.6 7.7 28.5 28 23.2 47.4l-24 88C481.8 499.9 466 512 448 512C200.6 512 0 311.4 0 64C0 46 12.1 30.2 29.5 25.4l88-24z\"><\/path><\/svg><\/span><\/p>\n\n\n\n<p class=\"has-text-align-center\" style=\"border-style:none;border-width:0px;margin-top:0;margin-bottom:0;font-size:clamp(14px, 0.875rem + ((1vw - 3.2px) * 0.114), 15px);\"><strong>Contact t\u00e9l\u00e9phone :<\/strong><\/p>\n\n\n\n<p class=\"has-text-align-center\" style=\"margin-top:0;margin-right:0;margin-bottom:0;margin-left:0;font-size:clamp(14px, 0.875rem + ((1vw - 3.2px) * 0.114), 15px);\">06.86.04.87.59<\/p>\n\n\n\n<p class=\"has-text-align-center has-text-color\" style=\"color:#000000;margin-top:0rem;font-size:clamp(14px, 0.875rem + ((1vw - 3.2px) * 0.114), 15px);font-style:normal;font-weight:400;line-height:1.6\"><span class=\"wp-rich-text-font-awesome-icon wp-font-awesome-icon\"><svg aria-hidden=\"true\" focusable=\"false\" data-prefix=\"fas\" data-icon=\"envelope\" class=\"svg-inline--fa fa-envelope \" role=\"img\" xmlns=\"http:\/\/www.w3.org\/2000\/svg\" viewBox=\"0 0 512 512\"><path fill=\"currentColor\" d=\"M48 64C21.5 64 0 85.5 0 112c0 15.1 7.1 29.3 19.2 38.4L236.8 313.6c11.4 8.5 27 8.5 38.4 0L492.8 150.4c12.1-9.1 19.2-23.3 19.2-38.4c0-26.5-21.5-48-48-48L48 64zM0 176L0 384c0 35.3 28.7 64 64 64l384 0c35.3 0 64-28.7 64-64l0-208L294.4 339.2c-22.8 17.1-54 17.1-76.8 0L0 176z\"><\/path><\/svg><\/span><strong> Contact mail :<\/strong><\/p>\n\n\n\n<p class=\"has-text-align-center has-text-color\" style=\"color:#000000;margin-top:0rem;font-size:clamp(14px, 0.875rem + ((1vw - 3.2px) * 0.114), 15px);font-style:normal;font-weight:400;line-height:1.6\">archittalucie@gmail.com<\/p>\n<\/div>\n\n\n\n<div class=\"wp-block-column is-layout-flow wp-block-column-is-layout-flow\" style=\"border-left-color:#00000000;padding-right:0;padding-left:var(--wp--preset--spacing--50)\">\n<p class=\"has-text-align-center has-x-large-font-size\" style=\"padding-right:0;padding-left:0\"><span class=\"wp-rich-text-font-awesome-icon wp-font-awesome-icon\"><svg aria-hidden=\"true\" focusable=\"false\" data-prefix=\"fas\" data-icon=\"user\" class=\"svg-inline--fa fa-user \" role=\"img\" xmlns=\"http:\/\/www.w3.org\/2000\/svg\" viewBox=\"0 0 448 512\"><path fill=\"currentColor\" d=\"M224 256A128 128 0 1 0 224 0a128 128 0 1 0 0 256zm-45.7 48C79.8 304 0 383.8 0 482.3C0 498.7 13.3 512 29.7 512l388.6 0c16.4 0 29.7-13.3 29.7-29.7C448 383.8 368.2 304 269.7 304l-91.4 0z\"><\/path><\/svg><\/span><\/p>\n\n\n\n<p class=\"has-text-align-center\" style=\"border-style:none;border-width:0px;margin-top:0;margin-bottom:0;font-size:clamp(14px, 0.875rem + ((1vw - 3.2px) * 0.114), 15px);\"><strong>Tarif <\/strong>:<\/p>\n\n\n\n<p class=\"has-text-align-center\" style=\"border-style:none;border-width:0px;margin-top:0;margin-bottom:0;font-size:clamp(14px, 0.875rem + ((1vw - 3.2px) * 0.114), 15px);\">60\u20ac <\/p>\n\n\n\n<p class=\"has-text-align-center\" style=\"border-style:none;border-width:0px;margin-top:0;margin-bottom:0;font-size:clamp(14px, 0.875rem + ((1vw - 3.2px) * 0.114), 15px);\"><strong>Possibilit\u00e9 de remboursement :<\/strong><br>Mutuelle<\/p>\n\n\n\n<p class=\"has-text-align-center\" style=\"border-style:none;border-width:0px;margin-top:0;margin-bottom:0;font-size:clamp(14px, 0.875rem + ((1vw - 3.2px) * 0.114), 15px);\">Ch\u00e8que \u00e9tudiant (pass sant\u00e9 jeune)<\/p>\n<\/div>\n\n\n\n<div class=\"wp-block-column is-layout-flow wp-block-column-is-layout-flow\" style=\"border-left-color:#00000000\">\n<p class=\"has-text-align-center has-x-large-font-size\" style=\"border-style:none;border-width:0px;margin-top:0;margin-bottom:0\"><span class=\"wp-rich-text-font-awesome-icon wp-font-awesome-icon\"><svg aria-hidden=\"true\" focusable=\"false\" data-prefix=\"fas\" data-icon=\"location-dot\" class=\"svg-inline--fa fa-location-dot \" role=\"img\" xmlns=\"http:\/\/www.w3.org\/2000\/svg\" viewBox=\"0 0 384 512\"><path fill=\"currentColor\" d=\"M215.7 499.2C267 435 384 279.4 384 192C384 86 298 0 192 0S0 86 0 192c0 87.4 117 243 168.3 307.2c12.3 15.3 35.1 15.3 47.4 0zM192 128a64 64 0 1 1 0 128 64 64 0 1 1 0-128z\"><\/path><\/svg><\/span><\/p>\n\n\n\n<p class=\"has-text-align-center\" style=\"border-style:none;border-width:0px;margin-top:0;margin-bottom:0;font-size:clamp(14px, 0.875rem + ((1vw - 3.2px) * 0.114), 15px);\"><strong>Adresse<\/strong> :<\/p>\n\n\n\n<p class=\"has-text-align-center\" style=\"border-style:none;border-width:0px;margin-top:0;margin-bottom:0;font-size:clamp(14px, 0.875rem + ((1vw - 3.2px) * 0.114), 15px);\">Centre Nat\u00e9a, batiment A,<br>365 chemin du camp de Sarlier,<br>13400 Aubagne<\/p>\n<\/div>\n<\/div>\n<\/div><\/div>\n\n\n\n<div class=\"wp-block-cover alignfull is-light\" style=\"margin-top:0;margin-bottom:0;padding-top:2%;min-height:239px;aspect-ratio:unset;\"><img decoding=\"async\" width=\"813\" height=\"244\" class=\"wp-block-cover__image-background wp-image-393\" alt=\"\" src=\"https:\/\/luciearchittapsychologue.com\/wp-content\/uploads\/2025\/03\/image.png\" data-object-fit=\"cover\" srcset=\"https:\/\/luciearchittapsychologue.com\/wp-content\/uploads\/2025\/03\/image.png 813w, https:\/\/luciearchittapsychologue.com\/wp-content\/uploads\/2025\/03\/image-300x90.png 300w, https:\/\/luciearchittapsychologue.com\/wp-content\/uploads\/2025\/03\/image-768x230.png 768w\" sizes=\"(max-width: 813px) 100vw, 813px\" \/><span aria-hidden=\"true\" class=\"wp-block-cover__background has-white-background-color has-background-dim-0 has-background-dim\"><\/span><div class=\"wp-block-cover__inner-container has-global-padding is-layout-constrained wp-container-core-cover-is-layout-26a3c24e wp-block-cover-is-layout-constrained\">\n<div class=\"wp-block-group is-vertical is-content-justification-center is-layout-flex wp-container-core-group-is-layout-ce155fab wp-block-group-is-layout-flex\">\n<div class=\"wp-block-group is-nowrap is-layout-flex wp-container-core-group-is-layout-6c531013 wp-block-group-is-layout-flex\">\n<div class=\"wp-block-group has-global-padding is-layout-constrained wp-block-group-is-layout-constrained\">\n<div class=\"wp-block-buttons is-content-justification-center is-layout-flex wp-container-core-buttons-is-layout-098cc607 wp-block-buttons-is-layout-flex\">\n<div class=\"wp-block-button has-custom-width wp-block-button__width-100\"><a class=\"wp-block-button__link has-text-color has-link-color wp-element-button\" href=\"https:\/\/luciearchittapsychologue.com\/\" style=\"color:#ffffff\">Revenir \u00e0 l&rsquo;accueil<\/a><\/div>\n<\/div>\n<\/div>\n<\/div>\n<\/div>\n<\/div><\/div>\n\n\n\n<h6 class=\"wp-block-heading has-text-align-center\">L\u00e9gislation &amp; RGPD<\/h6>\n\n\n\n<h4 class=\"wp-block-heading has-text-align-center\">1. Informations relatives \u00e0 l&rsquo;h\u00e9bergeur<\/h4>\n\n\n\n<p class=\"has-small-font-size\">OVH<\/p>\n\n\n\n<p class=\"has-small-font-size\"><em>Num\u00e9ro de T\u00e9l\u00e9phone<\/em> 09 55 00 66 33<\/p>\n\n\n\n<p class=\"has-small-font-size\"><a href=\"https:\/\/www.pagesjaunes.fr\/pros\/63009167?at_medium=affiliate&amp;at_campaign=QWANT&amp;at_creation=&amp;at_variant=NAVIGATION&amp;at_format=FD#\"><em>Localisation<\/em> : 42 avenue Porte de Clichy 75017 Paris<\/a>&nbsp;&nbsp;&#8211;&nbsp;&nbsp;<\/p>\n\n\n\n<p class=\"has-small-font-size\"><a href=\"https:\/\/www.pagesjaunes.fr\/pros\/63009167?at_medium=affiliate&amp;at_campaign=QWANT&amp;at_creation=&amp;at_variant=NAVIGATION&amp;at_format=FD#\" target=\"_blank\" rel=\"noreferrer noopener\">www.ovhcloud.com<\/a> <br><\/p>\n\n\n\n<h4 class=\"wp-block-heading has-text-align-center\">2. Informations relatives \u00e0 l&rsquo;\u00e9diteur<\/h4>\n\n\n\n<p class=\"has-small-font-size\"><strong>Nom &#8211; Pr\u00e9nom<\/strong> : LUCIE ARCHITTA PSYCHOLOGUE.<br><strong>Forme juridique<\/strong> : Affaire personnelle profession lib\u00e9rale<br><strong>Enseigne<\/strong> : LUCIE ARCHITTA PSYCHOLOGUE.<br><strong>Adresse<\/strong> : 179 ch. de Saint Jean de Garguier 13400 AUBAGNEAubagne<br><strong>T\u00e9l\u00e9phone<\/strong> : +06.86.04.87.59<br><strong>E-mail<\/strong> : archittalucie@gmail.com<br><strong>Directeur de publication<\/strong> : LUCIE ARCHITTA<br><strong>Siren<\/strong> : 933442667<br><strong>Siret<\/strong> : 93344266700012<\/p>\n\n\n\n<h4 class=\"wp-block-heading has-text-align-center\">3. M\u00e9diateur \u00e0 la consommation<\/h4>\n\n\n\n<p class=\"has-small-font-size\"><strong>Nom<\/strong> :<br><strong>Organisme de m\u00e9diation<\/strong> :<br><strong>Email<\/strong> :<br><strong>T\u00e9l\u00e9phone<\/strong> :<br><strong>Adresse<\/strong> :<\/p>\n\n\n\n<h2 class=\"wp-block-heading has-text-align-center has-custom-1-font-size\">4. Conditions d&rsquo;utilisation<\/h2>\n\n\n\n<p class=\"has-small-font-size\">Le site est accessible par l&rsquo;url <a href=\"https:\/\/luciearchittapsychologue.com\">https:\/\/luciearchittapsychologue.com<\/a><br>Son utilisation est r\u00e9gie par les pr\u00e9sentes conditions g\u00e9n\u00e9rales. En utilisant le site, vous reconnaissez avoir pris connaissance de ces conditions et les avoir accept\u00e9es. Celles-ci pourront \u00eatre modifi\u00e9es \u00e0 tout moment et sans pr\u00e9avis par la soci\u00e9t\u00e9 LUCIE ARCHITTA PSYCHOLOGUE..<br>L&rsquo;entreprise LUCIE ARCHITTA PSYCHOLOGUE. ne saurait \u00eatre tenue pour responsable en aucune mani\u00e8re d&rsquo;une mauvaise utilisation du service.<\/p>\n\n\n\n<h4 class=\"wp-block-heading has-text-align-center\">5. Limitation de la responsabilit\u00e9<\/h4>\n\n\n\n<p class=\"has-small-font-size\">Les informations contenues sur ce site sont aussi pr\u00e9cises que possible et le site est p\u00e9riodiquement remis \u00e0 jour, mais peut toutefois contenir des inexactitudes, des omissions ou des lacunes. Si vous constatez une erreur ou ce qui peut \u00eatre un dysfonctionnement, merci de bien vouloir le signaler par email en d\u00e9crivant le probl\u00e8me de la mani\u00e8re la plus pr\u00e9cise possible.<br>Tout contenu t\u00e9l\u00e9charg\u00e9 se fait aux risques et p\u00e9rils de l&rsquo;utilisateur et sous sa seule responsabilit\u00e9. En cons\u00e9quence, l&rsquo;entreprise LUCIE ARCHITTA PSYCHOLOGUE. ne saurait \u00eatre tenue responsable d&rsquo;un quelconque dommage subi par l&rsquo;ordinateur de l&rsquo;utilisateur ou d&rsquo;une quelconque perte de donn\u00e9es cons\u00e9cutives au t\u00e9l\u00e9chargement. Les photos sont non contractuelles.<br>Les liens hypertextes mis en place sur ce site internet en direction d&rsquo;autres sites internet ne sauraient engager la responsabilit\u00e9 de LUCIE ARCHITTA PSYCHOLOGUE.<\/p>\n\n\n\n<h4 class=\"wp-block-heading has-text-align-center\">6. Litiges<\/h4>\n\n\n\n<p class=\"has-small-font-size\">Les pr\u00e9sentes conditions sont r\u00e9gies par les lois fran\u00e7aises et toute contestation ou litige qui pourrait na\u00eetre de l&rsquo;interpr\u00e9tation ou de l&rsquo;ex\u00e9cution de celles-ci seront de la comp\u00e9tence des tribunaux fran\u00e7ais. La langue de r\u00e9f\u00e9rence, pour le r\u00e8glement de contentieux \u00e9ventuels, est le fran\u00e7ais.<\/p>\n\n\n\n<h4 class=\"wp-block-heading has-text-align-center\">7. Droit d&rsquo;acc\u00e8s, de rectification et de suppression de vos donn\u00e9es<\/h4>\n\n\n\n<p class=\"has-small-font-size\">En application de la loi informatique et libert\u00e9s, les internautes disposent d&rsquo;un droit d&rsquo;acc\u00e8s, de rectification, de modification et de suppression concernant les donn\u00e9es qui les concernent personnellement.<br>Le droit d&rsquo;acc\u00e8s : ils peuvent exercer leur droit d&rsquo;acc\u00e8s, pour conna\u00eetre les donn\u00e9es personnelles les concernant, en \u00e9crivant \u00e0 l&rsquo;adresse \u00e9lectronique suivante. Dans ce cas, avant la mise en \u0153uvre de ce droit, la Plateforme peut demander une preuve de l&rsquo;identit\u00e9 de l&rsquo;utilisateur afin d&rsquo;en v\u00e9rifier l&rsquo;exactitude.<br>Le droit de rectification : si les donn\u00e9es \u00e0 caract\u00e8re personnel d\u00e9tenues par la Plateforme sont inexactes, ils peuvent demander la mise \u00e0 jour des informations.<br>Le droit de suppression des donn\u00e9es : les utilisateurs peuvent demander la suppression de leurs donn\u00e9es \u00e0 caract\u00e8re personnel, conform\u00e9ment aux lois applicables en mati\u00e8re de protection des donn\u00e9es.<br>Ce droit peut \u00eatre exerc\u00e9 par voie postale aupr\u00e8s de LUCIE ARCHITTA PSYCHOLOGUE.<br><strong>Adresse<\/strong> : 179 ch. de Saint Jean de Garguier 13400 AUBAGNEAubagne<br><strong>T\u00e9l\u00e9phone<\/strong> : +06.86.04.87.59 ou E mail archittalucie@gmail.com<\/p>\n\n\n\n<p class=\"has-small-font-size\"><br>Les informations personnelles collect\u00e9es sont confidentielles et ne sont en aucun cas transmises \u00e0 des tiers hormis pour l&rsquo;\u00e9ventuelle bonne ex\u00e9cution de la prestation command\u00e9e par l&rsquo;internaute. En vertu de la loi n\u00b0 2000-719 du 1er ao\u00fbt 2000, les coordonn\u00e9es d\u00e9clar\u00e9es par l&rsquo;acheteur pourront \u00eatre communiqu\u00e9es sur r\u00e9quisition des autorit\u00e9s judiciaires.<\/p>\n\n\n\n<h4 class=\"wp-block-heading has-text-align-center\">8. Collecte et protection des donn\u00e9es<\/h4>\n\n\n\n<p class=\"has-small-font-size\">Vos donn\u00e9es sont collect\u00e9es par LUCIE ARCHITTA PSYCHOLOGUE.<br>Une donn\u00e9e \u00e0 caract\u00e8re personnel d\u00e9signe toute information concernant une personne physique identifi\u00e9e ou identifiable (personne concern\u00e9e); est r\u00e9put\u00e9e identifiable une personne qui peut \u00eatre identifi\u00e9e, directement ou indirectement, notamment par r\u00e9f\u00e9rence \u00e0 un nom, un num\u00e9ro d&rsquo;identification ou \u00e0 un ou plusieurs \u00e9l\u00e9ments sp\u00e9cifiques, propres \u00e0 son identit\u00e9 physique, physiologique, g\u00e9n\u00e9tique, psychique, \u00e9conomique, culturelle ou sociale.<br>Les informations personnelles pouvant \u00eatre recueillies sur le site sont principalement utilis\u00e9es par l&rsquo;\u00e9diteur pour la gestion des relations avec vous.<\/p>\n\n\n\n<h4 class=\"wp-block-heading has-text-align-center\">A. Les donn\u00e9es personnelles collect\u00e9es dans les formulaires de contact sont les suivantes :<\/h4>\n\n\n\n<ul class=\"wp-block-list\">\n<li class=\"has-small-font-size\">Nom et pr\u00e9nom<\/li>\n\n\n\n<li class=\"has-small-font-size\">Adresse mail<\/li>\n\n\n\n<li class=\"has-small-font-size\">Num\u00e9ro de t\u00e9l\u00e9phone<\/li>\n<\/ul>\n\n\n\n<p class=\"has-small-font-size\">Afin de traiter votre demande, LUCIE ARCHITTA PSYCHOLOGUE devra effectuer un traitement des donn\u00e9es personnelles vous concernant. Les donn\u00e9es sont conserv\u00e9es pendant deux (2) ans \u00e0 compter de notre dernier contact et sont destin\u00e9es exclusivement \u00e0 LUCIE ARCHITTA PSYCHOLOGUE, elles ne seront pas transmises \u00e0 des tiers.<\/p>\n\n\n\n<h4 class=\"wp-block-heading has-text-align-center\">B. Les donn\u00e9es personnelles collect\u00e9es dans les formulaires d&rsquo;inscription aux newsletters sont les suivantes :<\/h4>\n\n\n\n<ul class=\"wp-block-list\">\n<li class=\"has-small-font-size\">Adresse mail<\/li>\n<\/ul>\n\n\n\n<p class=\"has-small-font-size\">Vous aurez le choix d&rsquo;accepter ou non de recevoir : \u2013 Des newsletters contenant les derni\u00e8res actualit\u00e9s de la soci\u00e9t\u00e9 LUCIE ARCHITTA PSYCHOLOGUE \u2013 Des publicit\u00e9s adress\u00e9es par des partenaires commerciaux.<br>En renseignant votre email, vous affirmez avoir pris connaissance de nos mentions l\u00e9gales. Votre email sera conserv\u00e9 tant que vous ne nous ferez pas la demande de suppression de cette donn\u00e9e.<br>Vous pourrez vous d\u00e9sinscrire \u00e0 tout moment \u00e0 l&rsquo;aide des liens de d\u00e9sinscription pr\u00e9sents sur les communications ou en nous contactant : <\/p>\n\n\n\n<p class=\"has-small-font-size\">LUCIE ARCHITTA PSYCHOLOGUE.<br><strong>Adresse<\/strong> : 179 ch. de Saint Jean de Garguier 13400 AUBAGNEAubagne<br><strong>T\u00e9l\u00e9phone<\/strong> : +06.86.04.87.59 ou E mail archittalucie@gmail.com<\/p>\n\n\n\n<h4 class=\"wp-block-heading has-text-align-center\">9. Propri\u00e9t\u00e9 intellectuelle<\/h4>\n\n\n\n<p class=\"has-small-font-size\">Tout le contenu du pr\u00e9sent site, incluant, de fa\u00e7on non limitative, les graphismes, images, textes, vid\u00e9os, animations, sons, logos, gifs et ic\u00f4nes ainsi que leur mise en forme sont la propri\u00e9t\u00e9 exclusive de la soci\u00e9t\u00e9 LUCIE ARCHITTA PSYCHOLOGUE \u00e0 l&rsquo;exception des marques, logos ou contenus appartenant \u00e0 d&rsquo;autres soci\u00e9t\u00e9s partenaires ou auteurs (ex: AdobeStock, ShutterStock, FontAwesome, Freepik, Canvas).<br>Toute reproduction, distribution, modification, adaptation, retransmission ou publication, m\u00eame partielle, de ces diff\u00e9rents \u00e9l\u00e9ments est strictement interdite sans l&rsquo;accord express par \u00e9crit de LUCIE ARCHITTA PSYCHOLOGUE.<\/p>\n\n\n\n<h4 class=\"wp-block-heading has-text-align-center\">10. Gestion des \u00ab cookies \u00bb<\/h4>\n\n\n\n<p class=\"has-small-font-size\">Qu&rsquo;est-ce qu&rsquo;un \u00ab cookie \u00bb ?<br>Un \u00ab cookie \u00bb ou traceur est un fichier \u00e9lectronique d\u00e9pos\u00e9 sur un terminal (ordinateur, tablette, smartphone,&#8230;) et lu par exemple lors de la consultation d&rsquo;un site internet, de la lecture d&rsquo;un courrier \u00e9lectronique, de l&rsquo;installation ou de l&rsquo;utilisation d&rsquo;un logiciel ou d&rsquo;une application mobile et ce quel que soit le type de terminal utilis\u00e9 (source : <a href=\"https:\/\/www.cnil.fr\/fr\/cookies-traceurs-que-dit-la-loi\" target=\"_blank\" rel=\"noreferrer noopener\">https:\/\/www.cnil.fr\/fr\/cookies-traceurs-que-dit-la-loi<\/a>).<br>En naviguant sur ce site, des \u00ab cookies \u00bb \u00e9manant de la soci\u00e9t\u00e9 responsable du site concern\u00e9 et\/ou des soci\u00e9t\u00e9s tiers pourront \u00eatre d\u00e9pos\u00e9s sur votre terminal.<br>Lors de la premi\u00e8re navigation sur ce site, une fen\u00eatre de gestion du consentement des \u00ab cookies \u00bb appara\u00eetra. D\u00e8s lors, pour poursuivre la navigation sur le site web, vous devrez donner au choix soit votre accord ou soit votre d\u00e9saccord. Vous aurez \u00e9galement \u00e0 disposition dans cet outil de consentement, la personnalisation du choix des cat\u00e9gories de \u00ab cookies \u00bb \u00e0 accepter ou non. Le consentement donn\u00e9 sera stock\u00e9 sous forme de \u00ab cookies \u00bb fonctionnel dans votre navigateur, valable pour une p\u00e9riode de trois (3) mois. L&rsquo;utilisateur a la possibilit\u00e9 de modifier son choix \u00e0 tout moment en cliquant ici : <a href=\"javascript:Didomi.preferences.show()\">Modifier vos pr\u00e9f\u00e9rences<\/a>.<br>Les \u00ab cookies \u00bb pr\u00e9sents sur ce site internet se pr\u00e9sentent sous trois (3) cat\u00e9gories :<\/p>\n\n\n\n<h4 class=\"wp-block-heading has-text-align-center\">A. Cookies essentiels<\/h4>\n\n\n\n<p class=\"has-small-font-size\">Ce site utilise des cookies n\u00e9cessaires \u00e0 son bon fonctionnement. C&rsquo;est pour cela qu&rsquo;ils doivent rester activ\u00e9s.<\/p>\n\n\n\n<h4 class=\"wp-block-heading has-text-align-center\">B. Cookies de performance<\/h4>\n\n\n\n<p class=\"has-small-font-size\">Ces cookies nous aident \u00e0 am\u00e9liorer votre exp\u00e9rience en ligne. Ils ne sont pas essentiels, mais sans eux, certaines fonctionnalit\u00e9s peuvent ne pas fonctionner.<br>Ces cookies nous permettent de d\u00e9terminer le nombre de visites et les sources du trafic, afin de mesurer et d&rsquo;am\u00e9liorer les performances de notre site Web. Ils nous aident \u00e9galement \u00e0 identifier les pages les plus \/ moins visit\u00e9es et d&rsquo;\u00e9valuer comment les visiteurs naviguent sur le site Web. Toutes les informations collect\u00e9es par ces cookies sont agr\u00e9g\u00e9es et donc anonymis\u00e9es.<\/p>\n\n\n\n<h4 class=\"wp-block-heading has-text-align-center\" style=\"margin-right:0;margin-left:0\">C. Cookies de publicit\u00e9 cibl\u00e9e<\/h4>\n\n\n\n<p class=\"has-small-font-size\">Les cookies marketing sont g\u00e9n\u00e9ralement utilis\u00e9s pour vous montrer des publicit\u00e9s qui correspondent \u00e0 vos int\u00e9r\u00eats. Lorsque vous visitez un autre site Web, le cookie de votre navigateur est reconnu et des publicit\u00e9s s\u00e9lectionn\u00e9es vous sont affich\u00e9es en fonction des informations stock\u00e9es dans ce cookie. Toutes les informations collect\u00e9es par nos \u00ab cookies \u00bb de performance ne seront utilis\u00e9es que pour suivre le volume, le type et la configuration du trafic utilisant ce site, pour en d\u00e9velopper la conception et l&rsquo;agencement et \u00e0 d&rsquo;autres fins administratives et de planification et plus g\u00e9n\u00e9ralement pour am\u00e9liorer le service que nous vous offrons.<br>Pour plus d&rsquo;informations sur l&rsquo;utilisation, la gestion et la suppression des \u00ab cookies \u00bb, pour tout type de navigateur, nous vous invitons \u00e0 consulter le lien suivant : <a href=\"https:\/\/www.cnil.fr\/fr\/cookies-les-outils-pour-les-maitriser\" target=\"_blank\" rel=\"noreferrer noopener\">https:\/\/www.cnil.fr\/fr\/cookies-les-outils-pour-les-maitriser<\/a>.<\/p>\n","protected":false},"excerpt":{"rendered":"<p>Contact L\u00e9gislation &amp; RGPD 1. Informations relatives \u00e0 l&rsquo;h\u00e9bergeur OVH Num\u00e9ro de T\u00e9l\u00e9phone 09 55 00 66 33 Localisation : 42 avenue Porte de Clichy 75017 Paris&nbsp;&nbsp;&#8211;&nbsp;&nbsp; www.ovhcloud.com 2. Informations relatives \u00e0 l&rsquo;\u00e9diteur Nom &#8211; Pr\u00e9nom : LUCIE ARCHITTA PSYCHOLOGUE.Forme juridique : Affaire personnelle profession lib\u00e9raleEnseigne : LUCIE ARCHITTA PSYCHOLOGUE.Adresse : 179 ch. de Saint [&hellip;]<\/p>\n","protected":false},"author":1,"featured_media":0,"parent":0,"menu_order":0,"comment_status":"closed","ping_status":"closed","template":"","meta":{"footnotes":""},"class_list":["post-60","page","type-page","status-publish","hentry"],"_links":{"self":[{"href":"https:\/\/luciearchittapsychologue.com\/index.php?rest_route=\/wp\/v2\/pages\/60","targetHints":{"allow":["GET"]}}],"collection":[{"href":"https:\/\/luciearchittapsychologue.com\/index.php?rest_route=\/wp\/v2\/pages"}],"about":[{"href":"https:\/\/luciearchittapsychologue.com\/index.php?rest_route=\/wp\/v2\/types\/page"}],"author":[{"embeddable":true,"href":"https:\/\/luciearchittapsychologue.com\/index.php?rest_route=\/wp\/v2\/users\/1"}],"replies":[{"embeddable":true,"href":"https:\/\/luciearchittapsychologue.com\/index.php?rest_route=%2Fwp%2Fv2%2Fcomments&post=60"}],"version-history":[{"count":28,"href":"https:\/\/luciearchittapsychologue.com\/index.php?rest_route=\/wp\/v2\/pages\/60\/revisions"}],"predecessor-version":[{"id":704,"href":"https:\/\/luciearchittapsychologue.com\/index.php?rest_route=\/wp\/v2\/pages\/60\/revisions\/704"}],"wp:attachment":[{"href":"https:\/\/luciearchittapsychologue.com\/index.php?rest_route=%2Fwp%2Fv2%2Fmedia&parent=60"}],"curies":[{"name":"wp","href":"https:\/\/api.w.org\/{rel}","templated":true}]}}